{"id":1853,"date":"2018-02-18T06:16:07","date_gmt":"2018-02-18T06:16:07","guid":{"rendered":"http:\/\/www.wpcarrental.com\/modern\/?page_id=1853"},"modified":"2024-01-18T01:26:08","modified_gmt":"2024-01-18T00:26:08","slug":"about-us","status":"publish","type":"page","link":"https:\/\/tuzlarent.com\/bs\/about-us\/","title":{"rendered":"O nama"},"content":{"rendered":"<div class=\"wpb-content-wrapper\"><div data-vc-full-width=\"true\" data-vc-full-width-init=\"false\" class=\"vc_row wpb_row vc_row-fluid secondary_color_background box_shadow vc_column-gap-35 vc_row-o-full-height vc_row-o-columns-middle vc_row-o-equal-height vc_row-o-content-middle vc_row-flex vc-slider-bg vc-slider-bg-438860\"><div class=\"wpb_column vc_column_container vc_col-sm-8 vc_col-has-fill\"><div class=\"vc_column-inner vc_custom_1549248549730\"><div class=\"wpb_wrapper\"><div class=\"fancy-title align_left\"><h2 class=\"vc_underline_title vc_title white\">Mi smo va\u0161a najbolja kompanija za iznajmljivanje automobila u okolini<\/h2><div class=\"vc_underline white\"><\/div><\/div>\n\t<div class=\"wpb_text_column wpb_content_element white\" >\n\t\t<div class=\"wpb_wrapper\">\n\t\t\t<h4 class=\"white\">Svaki mjesec nas posjeti na hiljade korisnika najma automobila!<\/h4>\n<div class=\"_2cuy _3dgx _2vxa\">Mi smo lokalna agencija za iznajmljivanje automobila koja iznajmljuje automobile, kombije i male kamione na kra\u0107e vremensko razdoblje, od nekoliko sati do nekoliko tjedana. Organizovani smo s brojnim lokalnim podru\u017enicama (koje korisniku omogu\u0107avaju povratak vozila na drugu lokaciju u na\u0161oj zemlji)<\/div>\n<div class=\"_2cuy _3dgx _2vxa\">\u201eNa\u0161 cilj nije samo iznajmljivanje automobila, \u017eeljeli bismo stvoriti dugoro\u010dno partnerstvo sa na\u0161im klijentima, tako da oni ne trebaju mijenjati agenciju za iznajmljivanje automobila.\u201c<\/div>\n\n\t\t<\/div>\n\t<\/div>\n<div class=\"vc_btn3-container vc_btn3-left vc_do_btn\" ><a class=\"vc_general vc_btn3 vc_btn3-size-md vc_btn3-shape-rounded vc_btn3-style-flat vc_btn3-icon-left vc_btn3-color-black\" href=\"\/\" title=\"Rezervirajte odmah\"><i class=\"vc_btn3-icon fa fa-calendar-plus-o\"><\/i> Rezervirajte odmah<\/a><\/div><\/div><\/div><\/div><div class=\"wpb_column vc_column_container vc_col-sm-4 vc_col-has-fill\"><div class=\"vc_column-inner vc_custom_1549260453379\"><div class=\"wpb_wrapper\"><\/div><\/div><\/div><\/div><div class=\"vc_row-full-width vc_clearfix\"><\/div><div data-vc-full-width=\"true\" data-vc-full-width-init=\"false\" class=\"vc_row wpb_row vc_row-fluid primary_color_background box_shadow vc_custom_1551678287611 vc-slider-bg vc-slider-bg-901013\"><div class=\"wpb_column vc_column_container vc_col-sm-6 vc_col-lg-3 vc_col-md-3\"><div class=\"vc_column-inner vc_custom_1551678127245\"><div class=\"wpb_wrapper\"><div class=\"vc_row wpb_row vc_inner vc_row-fluid\"><div class=\"wpb_column vc_column_container vc_col-sm-3\"><div class=\"vc_column-inner\"><div class=\"wpb_wrapper\"><div class=\"vc_icon_element vc_icon_element-outer vc_custom_1551678384251 vc_do_icon wpb_animate_when_almost_visible wpb_flipInX flipInX vc_icon_element-align-center\"><div class=\"vc_icon_element-inner vc_icon_element-color-secondary_color vc_icon_element-size-lg vc_icon_element-style- vc_icon_element-background-color-grey\" ><span class=\"vc_icon_element-icon fa fa-heart\" ><\/span><\/div><\/div><\/div><\/div><\/div><div class=\"wpb_column vc_column_container vc_col-sm-9\"><div class=\"vc_column-inner\"><div class=\"wpb_wrapper\"><div><div class=\"stat_counter_wrapper white\"><div class=\"stat_counter\" id=\"customers8705\" data-count_to=\"1887\">-<\/div><div class=\"stat_title\">Zadovoljnih korisnika<\/div><\/div><\/div><script type=\"text\/javascript\">jQuery(document).ready(function(){countercustomers8705();jQuery(document).scroll(function(){ countercustomers8705() });});function countercustomers8705(){var counter = jQuery(\"#customers8705\");if (inViewportHeight(counter) >= counter.height() && !counter.hasClass(\"counted\")) {counter.append().prop(\"Counter\", 0).animate({Counter: counter.data(\"count_to\")}, {duration: 2000,easing: \"swing\",step: function (now) {counter.text(Math.ceil(now));}}).addClass(\"counted\");}}<\/script><\/div><\/div><\/div><\/div><\/div><\/div><\/div><div class=\"wpb_column vc_column_container vc_col-sm-6 vc_col-lg-3 vc_col-md-3\"><div class=\"vc_column-inner vc_custom_1551678132917\"><div class=\"wpb_wrapper\"><div class=\"vc_row wpb_row vc_inner vc_row-fluid\"><div class=\"wpb_column vc_column_container vc_col-sm-3\"><div class=\"vc_column-inner\"><div class=\"wpb_wrapper\"><div class=\"vc_icon_element vc_icon_element-outer vc_custom_1551678389420 vc_do_icon wpb_animate_when_almost_visible wpb_flipInX flipInX vc_icon_element-align-center\"><div class=\"vc_icon_element-inner vc_icon_element-color-secondary_color vc_icon_element-size-lg vc_icon_element-style- vc_icon_element-background-color-grey\" ><span class=\"vc_icon_element-icon fa fa-car\" ><\/span><\/div><\/div><\/div><\/div><\/div><div class=\"wpb_column vc_column_container vc_col-sm-9\"><div class=\"vc_column-inner\"><div class=\"wpb_wrapper\"><div><div class=\"stat_counter_wrapper white\"><div class=\"stat_counter\" id=\"items8265\" data-count_to=\"19\">-<\/div><div class=\"stat_title\">Automobila<\/div><\/div><\/div><script type=\"text\/javascript\">jQuery(document).ready(function(){counteritems8265();jQuery(document).scroll(function(){ counteritems8265() });});function counteritems8265(){var counter = jQuery(\"#items8265\");if (inViewportHeight(counter) >= counter.height() && !counter.hasClass(\"counted\")) {counter.append().prop(\"Counter\", 0).animate({Counter: counter.data(\"count_to\")}, {duration: 2000,easing: \"swing\",step: function (now) {counter.text(Math.ceil(now));}}).addClass(\"counted\");}}<\/script><\/div><\/div><\/div><\/div><\/div><\/div><\/div><div class=\"wpb_column vc_column_container vc_col-sm-6 vc_col-lg-3 vc_col-md-3\"><div class=\"vc_column-inner vc_custom_1551678141723\"><div class=\"wpb_wrapper\"><div class=\"vc_row wpb_row vc_inner vc_row-fluid\"><div class=\"wpb_column vc_column_container vc_col-sm-3\"><div class=\"vc_column-inner\"><div class=\"wpb_wrapper\"><div class=\"vc_icon_element vc_icon_element-outer vc_custom_1551678393392 vc_do_icon wpb_animate_when_almost_visible wpb_flipInX flipInX vc_icon_element-align-center\"><div class=\"vc_icon_element-inner vc_icon_element-color-secondary_color vc_icon_element-size-lg vc_icon_element-style- vc_icon_element-background-color-grey\" ><span class=\"vc_icon_element-icon fa fa-map-marker\" ><\/span><\/div><\/div><\/div><\/div><\/div><div class=\"wpb_column vc_column_container vc_col-sm-9\"><div class=\"vc_column-inner\"><div class=\"wpb_wrapper\"><div><div class=\"stat_counter_wrapper white\"><div class=\"stat_counter\" id=\"locations471\" data-count_to=\"7\">-<\/div><div class=\"stat_title\">Dostupnih lokacija<\/div><\/div><\/div><script type=\"text\/javascript\">jQuery(document).ready(function(){counterlocations471();jQuery(document).scroll(function(){ counterlocations471() });});function counterlocations471(){var counter = jQuery(\"#locations471\");if (inViewportHeight(counter) >= counter.height() && !counter.hasClass(\"counted\")) {counter.append().prop(\"Counter\", 0).animate({Counter: counter.data(\"count_to\")}, {duration: 2000,easing: \"swing\",step: function (now) {counter.text(Math.ceil(now));}}).addClass(\"counted\");}}<\/script><\/div><\/div><\/div><\/div><\/div><\/div><\/div><div class=\"wpb_column vc_column_container vc_col-sm-6 vc_col-lg-3 vc_col-md-3\"><div class=\"vc_column-inner vc_custom_1551678146263\"><div class=\"wpb_wrapper\"><div class=\"vc_row wpb_row vc_inner vc_row-fluid\"><div class=\"wpb_column vc_column_container vc_col-sm-3\"><div class=\"vc_column-inner\"><div class=\"wpb_wrapper\"><div class=\"vc_icon_element vc_icon_element-outer vc_custom_1551678398341 vc_do_icon wpb_animate_when_almost_visible wpb_flipInX flipInX vc_icon_element-align-center\"><div class=\"vc_icon_element-inner vc_icon_element-color-secondary_color vc_icon_element-size-lg vc_icon_element-style- vc_icon_element-background-color-grey\" ><span class=\"vc_icon_element-icon fa fa-calendar-check-o\" ><\/span><\/div><\/div><\/div><\/div><\/div><div class=\"wpb_column vc_column_container vc_col-sm-9\"><div class=\"vc_column-inner\"><div class=\"wpb_wrapper\"><div><div class=\"stat_counter_wrapper white\"><div class=\"stat_counter\" id=\"customers6388\" data-count_to=\"1337\">-<\/div><div class=\"stat_title\">Izvr\u0161ene rezervacije<\/div><\/div><\/div><script type=\"text\/javascript\">jQuery(document).ready(function(){countercustomers6388();jQuery(document).scroll(function(){ countercustomers6388() });});function countercustomers6388(){var counter = jQuery(\"#customers6388\");if (inViewportHeight(counter) >= counter.height() && !counter.hasClass(\"counted\")) {counter.append().prop(\"Counter\", 0).animate({Counter: counter.data(\"count_to\")}, {duration: 2000,easing: \"swing\",step: function (now) {counter.text(Math.ceil(now));}}).addClass(\"counted\");}}<\/script><\/div><\/div><\/div><\/div><\/div><\/div><\/div><\/div><div class=\"vc_row-full-width vc_clearfix\"><\/div><div class=\"vc_row wpb_row vc_row-fluid vc_custom_1549260584699 vc-slider-bg vc-slider-bg-144493\"><div class=\"wpb_column vc_column_container vc_col-sm-12\"><div class=\"vc_column-inner\"><div class=\"wpb_wrapper\"><div class=\"fancy-title align_center\"><h2 class=\"vc_underline_title vc_title black\">Karakteristike kompanije<\/h2><div class=\"vc_underline secondary_color_background\"><\/div><\/div>\n\t<div class=\"wpb_text_column wpb_content_element align_center\" >\n\t\t<div class=\"wpb_wrapper\">\n\t\t\t<p>Sitni detalji \u010dine razliku<\/p>\n\n\t\t<\/div>\n\t<\/div>\n<div class=\"vc_row wpb_row vc_inner vc_row-fluid vc_custom_1549250696928\"><div class=\"wpb_column vc_column_container vc_col-sm-4\"><div class=\"vc_column-inner\"><div class=\"wpb_wrapper\"><div class=\"vc_icon_element vc_icon_element-outer vc_do_icon vc_icon_element-align-center\"><div class=\"vc_icon_element-inner vc_icon_element-color-primary_color vc_icon_element-size-xl vc_icon_element-style- vc_icon_element-background-color-grey\" ><span class=\"vc_icon_element-icon fa fa-star\" ><\/span><\/div><\/div>\n\t<div class=\"wpb_text_column wpb_content_element align_center\" >\n\t\t<div class=\"wpb_wrapper\">\n\t\t\t<h4 class=\"secondary_color\">Preko 5 godina poslovanja<\/h4>\n<p>Mi smo lokalna agencija za iznajmljivanje automobila koja iznajmljuje automobile, kombije i male kamione na kra\u0107e vremensko razdoblje, od nekoliko sati do nekoliko tjedana. Organizovani smo s brojnim lokalnim podru\u017enicama (koje korisniku omogu\u0107avaju povratak vozila na drugu lokaciju u na\u0161oj zemlji)<\/p>\n\n\t\t<\/div>\n\t<\/div>\n<\/div><\/div><\/div><div class=\"wpb_column vc_column_container vc_col-sm-4\"><div class=\"vc_column-inner\"><div class=\"wpb_wrapper\"><div class=\"vc_icon_element vc_icon_element-outer vc_do_icon vc_icon_element-align-center\"><div class=\"vc_icon_element-inner vc_icon_element-color-primary_color vc_icon_element-size-xl vc_icon_element-style- vc_icon_element-background-color-grey\" ><span class=\"vc_icon_element-icon fa fa-wrench\" ><\/span><\/div><\/div>\n\t<div class=\"wpb_text_column wpb_content_element align_center\" >\n\t\t<div class=\"wpb_wrapper\">\n\t\t\t<h4 class=\"secondary_color\">Odli\u010dno odr\u017eavani automobili<\/h4>\n<p>Sva su vozila osigurana u slu\u010daju \u0161tete nanesene tre\u0107oj strani (obavezno osiguranje). Sva vozila imaju servisnu knji\u017eicu s redovitim podacima o odr\u017eavanju i servisima.<\/p>\n\n\t\t<\/div>\n\t<\/div>\n<\/div><\/div><\/div><div class=\"wpb_column vc_column_container vc_col-sm-4\"><div class=\"vc_column-inner\"><div class=\"wpb_wrapper\"><div class=\"vc_icon_element vc_icon_element-outer vc_do_icon vc_icon_element-align-center\"><div class=\"vc_icon_element-inner vc_icon_element-color-primary_color vc_icon_element-size-xl vc_icon_element-style- vc_icon_element-background-color-grey\" ><span class=\"vc_icon_element-icon fa fa-ticket\" ><\/span><\/div><\/div>\n\t<div class=\"wpb_text_column wpb_content_element align_center\" >\n\t\t<div class=\"wpb_wrapper\">\n\t\t\t<h4 class=\"secondary_color\">Pristupa\u010dne cijene<\/h4>\n<p>Cijene zakupa prilago\u0111avaju se platnim kapacitetima korisnika i ekonomskom stanju na\u0161e zemlje. Nudimo pogodnosti za dogoro\u010dni najam.<\/p>\n\n\t\t<\/div>\n\t<\/div>\n<\/div><\/div><\/div><\/div><\/div><\/div><\/div><\/div>\n<\/div>","protected":false},"excerpt":{"rendered":"We are your best car rental company in the area Visited by thousands of rental car customers every month! We are local car rental agency that rents automobiles, vans and small trucks for short periods of time, generally ranging from a few hours to a few weeks. We are organized with numerous local branches (which [...]","protected":false},"author":1,"featured_media":0,"parent":0,"menu_order":0,"comment_status":"closed","ping_status":"closed","template":"homepage.php","meta":{"footnotes":"","_links_to":"","_links_to_target":""},"class_list":["post-1853","page","type-page","status-publish","hentry"],"_links":{"self":[{"href":"https:\/\/tuzlarent.com\/bs\/wp-json\/wp\/v2\/pages\/1853","targetHints":{"allow":["GET"]}}],"collection":[{"href":"https:\/\/tuzlarent.com\/bs\/wp-json\/wp\/v2\/pages"}],"about":[{"href":"https:\/\/tuzlarent.com\/bs\/wp-json\/wp\/v2\/types\/page"}],"author":[{"embeddable":true,"href":"https:\/\/tuzlarent.com\/bs\/wp-json\/wp\/v2\/users\/1"}],"replies":[{"embeddable":true,"href":"https:\/\/tuzlarent.com\/bs\/wp-json\/wp\/v2\/comments?post=1853"}],"version-history":[{"count":0,"href":"https:\/\/tuzlarent.com\/bs\/wp-json\/wp\/v2\/pages\/1853\/revisions"}],"wp:attachment":[{"href":"https:\/\/tuzlarent.com\/bs\/wp-json\/wp\/v2\/media?parent=1853"}],"curies":[{"name":"wp","href":"https:\/\/api.w.org\/{rel}","templated":true}]}}