{"id":563,"date":"2017-08-19T04:14:17","date_gmt":"2017-08-19T02:14:17","guid":{"rendered":"http:\/\/grupored.inteligencia-web.com\/?page_id=563"},"modified":"2020-01-07T21:52:55","modified_gmt":"2020-01-07T20:52:55","slug":"faq","status":"publish","type":"page","link":"https:\/\/tuzlarent.com\/bs\/faq\/","title":{"rendered":"Pitanja"},"content":{"rendered":"<div class=\"wpb-content-wrapper\"><div class=\"vc_row wpb_row vc_row-fluid vc-slider-bg vc-slider-bg-580004\"><div class=\"wpb_column vc_column_container vc_col-sm-2\"><div class=\"vc_column-inner\"><div class=\"wpb_wrapper\"><\/div><\/div><\/div><div class=\"wpb_column vc_column_container vc_col-sm-8\"><div class=\"vc_column-inner\"><div class=\"wpb_wrapper\"><div class=\"fancy-title align_center\"><h2 class=\"vc_underline_title vc_title\">Op\u0161ta pitanja<\/h2><div class=\"vc_underline secondary_color_background\"><\/div><\/div>\n\t<div class=\"wpb_text_column wpb_content_element\" >\n\t\t<div class=\"wpb_wrapper\">\n\t\t\t<p style=\"text-align: center;\" class=\" translation-block\">U ovom \u0107ete dijelu prona\u0107i sva \u010desto postavljana pitanja. <br>\nAko su vam potrebne dodatne informacije, slobodno <a href=\"http:\/\/tuzlarent.com\/contact\/\" target=\"_self\"> Kontaktirajte nas <\/a>.<\/p>\n\n\t\t<\/div>\n\t<\/div>\n<div id=\"1503108365184-6651c676-ed6b\" class=\"vc_do_toggle vc_toggle vc_toggle_arrow vc_toggle_color_secondary_color  vc_toggle_size_lg\"><div class=\"vc_toggle_title\"><h4>Da li su vozila osigurana?<\/h4><i class=\"vc_toggle_icon\"><\/i><\/div><div class=\"vc_toggle_content\"><p>Da, sva na\u0161a vozila imaju obavezno civilno i CASCO osiguranje.<\/p>\n<\/div><\/div><div id=\"1503108436210-880cdb63-6785\" class=\"vc_do_toggle vc_toggle vc_toggle_arrow vc_toggle_color_secondary_color  vc_toggle_size_md\"><div class=\"vc_toggle_title\"><h4>Koji su na\u010dini pla\u0107anja za usluge najma automobila?<\/h4><i class=\"vc_toggle_icon\"><\/i><\/div><div class=\"vc_toggle_content\"><p>Mo\u017eete platiti gotovinom, Paypalom ili bankovnim prijenosom.<\/p>\n<\/div><\/div><div id=\"1503108588928-b0e0c6e4-4e6a\" class=\"vc_do_toggle vc_toggle vc_toggle_arrow vc_toggle_color_default  vc_toggle_size_md\"><div class=\"vc_toggle_title\"><h4>Kako mogu unajmiti automobil?<\/h4><i class=\"vc_toggle_icon\"><\/i><\/div><div class=\"vc_toggle_content\"><p>Automobil mo\u017eete unajmiti jednostavnim klikom na gumb ku\u0107e u izborniku ili pozivom na broj +387 61 295 294. Ako odlu\u010dite rezervirati automobil putem interneta, kontaktirat \u0107emo vas kako bismo potvrdili va\u0161u rezervaciju.<\/p>\n<\/div><\/div><div id=\"1503108650445-c76d15ae-321e\" class=\"vc_do_toggle vc_toggle vc_toggle_arrow vc_toggle_color_default  vc_toggle_size_md\"><div class=\"vc_toggle_title\"><h4>Mogu li promijeniti automobil nakon rezervacije?<\/h4><i class=\"vc_toggle_icon\"><\/i><\/div><div class=\"vc_toggle_content\"><p>Da. Ako \u017eelite promijeniti ili otkazati rezervaciju automobila nakon \u0161to ga odobrite, nazovite broj +387 61 295 294 ili nas kontaktirajte kontaktima navedenim na stranici Kontakti.<\/p>\n<\/div><\/div><div  class=\"vc_do_toggle vc_toggle vc_toggle_arrow vc_toggle_color_default  vc_toggle_size_md\"><div class=\"vc_toggle_title\"><h4>Odakle mogu uzeti automobil i gdje da ga vratim?<\/h4><i class=\"vc_toggle_icon\"><\/i><\/div><div class=\"vc_toggle_content\"><p>Automobil mo\u017eete preuzeti na adresi Novo Naselje bb, Dubrave Gornje. Ako ste automobil rezervirali vi\u0161e od tri dana, automobil mo\u017eemo dostaviti na lokaciju po va\u0161em izboru. Automobil se mora vratiti na dogovoreno mjesto u BiH.<\/p>\n<\/div><\/div><div  class=\"vc_do_toggle vc_toggle vc_toggle_arrow vc_toggle_color_default  vc_toggle_size_md\"><div class=\"vc_toggle_title\"><h4>\u0160ta da radim ako se automobil pokvari?<\/h4><i class=\"vc_toggle_icon\"><\/i><\/div><div class=\"vc_toggle_content\"><p>Ako se va\u0161 automobil pokvari, odmah nas nazovite na +387 61 295 294<\/p>\n<\/div><\/div><div  class=\"vc_do_toggle vc_toggle vc_toggle_arrow vc_toggle_color_default  vc_toggle_size_md\"><div class=\"vc_toggle_title\"><h4>Dostavljate li automobile izvan Dubrave Gornje?<\/h4><i class=\"vc_toggle_icon\"><\/i><\/div><div class=\"vc_toggle_content\"><p>Da, auto \u0107emo vam dostaviti na lokaciju po va\u0161em izboru za dodatnu cenu.<\/p>\n<\/div><\/div><div  class=\"vc_do_toggle vc_toggle vc_toggle_arrow vc_toggle_color_default  vc_toggle_size_md\"><div class=\"vc_toggle_title\"><h4>Kada mogu da vas kontaktiram?<\/h4><i class=\"vc_toggle_icon\"><\/i><\/div><div class=\"vc_toggle_content\"><p>Mo\u017eete nas nazvati od 06: 00-23: 00 telefonom br. +387 61 295 294<\/p>\n<\/div><\/div><div  class=\"vc_do_toggle vc_toggle vc_toggle_arrow vc_toggle_color_default  vc_toggle_size_md\"><div class=\"vc_toggle_title\"><h4>Postoje li karte u automobilu?<\/h4><i class=\"vc_toggle_icon\"><\/i><\/div><div class=\"vc_toggle_content\"><p>Da, ako \u017eelite, pru\u017eit \u0107emo mape Bosne i Hercegovine besplatno.<\/p>\n<\/div><\/div><div class=\"vc_empty_space\"   style=\"height: 32px\"><span class=\"vc_empty_space_inner\"><\/span><\/div><\/div><\/div><\/div><div class=\"wpb_column vc_column_container vc_col-sm-2\"><div class=\"vc_column-inner\"><div class=\"wpb_wrapper\"><\/div><\/div><\/div><\/div>\n<\/div>","protected":false},"excerpt":{"rendered":"General Questions You\u2019ll find in this section all the frequently asked question. If you need futher informations, feel free to Contact us. Are the vehicles insured?Yes, all our vehicles have mandatory Civil and CASCO insurances. What are the methods of payment for the car rental services?You can pay by cash, Paypal or by bank transfer. [...]","protected":false},"author":1,"featured_media":0,"parent":0,"menu_order":0,"comment_status":"closed","ping_status":"closed","template":"","meta":{"footnotes":"","_links_to":"","_links_to_target":""},"class_list":["post-563","page","type-page","status-publish","hentry"],"_links":{"self":[{"href":"https:\/\/tuzlarent.com\/bs\/wp-json\/wp\/v2\/pages\/563","targetHints":{"allow":["GET"]}}],"collection":[{"href":"https:\/\/tuzlarent.com\/bs\/wp-json\/wp\/v2\/pages"}],"about":[{"href":"https:\/\/tuzlarent.com\/bs\/wp-json\/wp\/v2\/types\/page"}],"author":[{"embeddable":true,"href":"https:\/\/tuzlarent.com\/bs\/wp-json\/wp\/v2\/users\/1"}],"replies":[{"embeddable":true,"href":"https:\/\/tuzlarent.com\/bs\/wp-json\/wp\/v2\/comments?post=563"}],"version-history":[{"count":0,"href":"https:\/\/tuzlarent.com\/bs\/wp-json\/wp\/v2\/pages\/563\/revisions"}],"wp:attachment":[{"href":"https:\/\/tuzlarent.com\/bs\/wp-json\/wp\/v2\/media?parent=563"}],"curies":[{"name":"wp","href":"https:\/\/api.w.org\/{rel}","templated":true}]}}